{"id":300,"date":"2021-08-19T19:36:22","date_gmt":"2021-08-19T17:36:22","guid":{"rendered":"https:\/\/maganoktatok.hu\/patients-relatives\/spezialzentren\/"},"modified":"2023-04-28T15:41:48","modified_gmt":"2023-04-28T13:41:48","slug":"specialist-centres","status":"publish","type":"page","link":"https:\/\/lungenhochdruck.at\/en\/patients\/specialist-centres\/","title":{"rendered":"Specialist centres"},"content":{"rendered":"<div class=\"wpb-content-wrapper\"><p>[vc_row fullwidth=&#8221;0&#8243; row_space=&#8221;remove_padding&#8221;][vc_column][gva_block_heading title=&#8221;Specialist centres&#8221; align=&#8221;align-left&#8221;][\/gva_block_heading][vc_column_text]PH specialist clinics in Austria.<!--more--><\/p>\n<h2>Vienna<\/h2>\n<p>[\/vc_column_text][vc_row_inner][vc_column_inner width=&#8221;1\/2&#8243;][vc_column_text]<\/p>\n<h3>AKH, Univ.-Klinik Wien<\/h3>\n<p><strong>Address: <\/strong>W\u00e4hringer G\u00fcrtel 18-20, 1090 Wien<br \/>\n<strong>Abt. f\u00fcr P\u00e4diatrie und Jugendheilkunde:<br \/>\n<\/strong>Univ. Prof. Dr. Ina Michel-Behnke, <a href=\"tel:+4314040031800\" target=\"_blank\" rel=\"noopener noreferrer\">+431\/ 40400-31800<\/a><br \/>\n<strong>Spezialambulanz f\u00fcr PH, Innere Medizin II, Kardiologie:<br \/>\n<\/strong>Univ.-Prof. Dr. Irene Lang, <a href=\"tel:+4314040062350\" target=\"_blank\" rel=\"noopener noreferrer\">+431\/ 40400-62350<\/a><br \/>\n<strong>Webpage:<\/strong> <a href=\"http:\/\/www.kard.at\/index.htm\">http:\/\/www.kard.at\/index.htm <\/a><br \/>\n<strong>Spezialsprechstunde f\u00fcr PH, Klin. Abt. f\u00fcr Pulmologie:<br \/>\n<\/strong>Ass. Prof. Dr. Marco Idzko <a href=\"tel:+4314040061410\" target=\"_blank\" rel=\"noopener noreferrer\">+431\/ 40400-61410<\/a><br \/>\nUniv.-Doz. Dr. Leo Stiebellehner <a href=\"tel:+4314040061410\" target=\"_blank\" rel=\"noopener noreferrer\">+431\/ 40400-61410<\/a>[\/vc_column_text][\/vc_column_inner][vc_column_inner width=&#8221;1\/2&#8243;][vc_gmaps link=&#8221;#E-8_JTNDaWZyYW1lJTIwc3JjJTNEJTIyaHR0cHMlM0ElMkYlMkZ3d3cuZ29vZ2xlLmNvbSUyRm1hcHMlMkZlbWJlZCUzRnBiJTNEJTIxMW0xOCUyMTFtMTIlMjExbTMlMjExZDI2NTguMjExNTAzODQ2MjAwMiUyMTJkMTYuMzQ1MzE4MDE1NjUxOTc2JTIxM2Q0OC4yMjE4MDE3NzkyMzAyNSUyMTJtMyUyMTFmMCUyMTJmMCUyMTNmMCUyMTNtMiUyMTFpMTAyNCUyMTJpNzY4JTIxNGYxMy4xJTIxM20zJTIxMW0yJTIxMXMweDQ3NmQwN2M1YWM2ZTU0YTMlMjUzQTB4NjMyODJjMTk0YWE1NGFhMCUyMTJzVyUyNUMzJTI1QTRocmluZ2VyJTI1MjBHJTI1QzMlMjVCQ3J0ZWwlMjUyMDE4LTIwJTI1MkMlMjUyMDEwOTAlMjUyMFdpZW4lMjUyQyUyNTIwQXVzdHJpYSUyMTVlMCUyMTNtMiUyMTFzZW4lMjEyc2h1JTIxNHYxNjMyMTI0MTQ3MjkwJTIxNW0yJTIxMXNlbiUyMTJzaHUlMjIlMjB3aWR0aCUzRCUyMjQwMCUyMiUyMGhlaWdodCUzRCUyMjMwMCUyMiUyMHN0eWxlJTNEJTIyYm9yZGVyJTNBMCUzQiUyMiUyMGFsbG93ZnVsbHNjcmVlbiUzRCUyMiUyMiUyMGxvYWRpbmclM0QlMjJsYXp5JTIyJTNFJTNDJTJGaWZyYW1lJTNF&#8221;][\/vc_column_inner][\/vc_row_inner][vc_column_text]<\/p>\n<h2>Styria<\/h2>\n<p>[\/vc_column_text][vc_row_inner][vc_column_inner width=&#8221;1\/2&#8243;][vc_column_text]<\/p>\n<h3>Univ.-Klinik MUG Graz<\/h3>\n<p><strong>Address: <\/strong>Auenbruggerplatz 15, 8036 Graz<br \/>\n<strong>Abt. f\u00fcr Pulmologie:<\/strong><br \/>\nUniv.-Prof. Dr. Horst Olschewski , <a href=\"tel:+430316385\" target=\"_blank\" rel=\"noopener noreferrer\">+43 (0) 316-385 DW 12253<\/a><br \/>\n<a href=\"mailto:Horst.Olschewski@klinikum-graz.at\" target=\"_blank\" rel=\"noopener\">Horst.Olschewski@klinikum-graz.at<\/a><br \/>\n<strong>Klin. Abteilung f\u00fcr P\u00e4diatrische Kardiologie:<\/strong><br \/>\nUniv. Prof. Dr. Andreas Gamillscheg <a href=\"tel:+430316385\" target=\"_blank\" rel=\"noopener noreferrer\">+43 (0)316 385 DW 13677<\/a><br \/>\nUniv. Prof. Dr. Daniela Baumgartner <a href=\"tel:+430316385\" target=\"_blank\" rel=\"noopener noreferrer\">+43 (0)316 385 DW 13677<\/a>[\/vc_column_text][\/vc_column_inner][vc_column_inner width=&#8221;1\/2&#8243;][vc_gmaps link=&#8221;#E-8_JTNDaWZyYW1lJTIwc3JjJTNEJTIyaHR0cHMlM0ElMkYlMkZ3d3cuZ29vZ2xlLmNvbSUyRm1hcHMlMkZlbWJlZCUzRnBiJTNEJTIxMW0xOCUyMTFtMTIlMjExbTMlMjExZDI3MTYuOTM1ODg0MTIyNzM1NCUyMTJkMTUuNDYzMTAzNTE1Njg1NDU1JTIxM2Q0Ny4wODA3MjA5MzIxNDk1OTYlMjEybTMlMjExZjAlMjEyZjAlMjEzZjAlMjEzbTIlMjExaTEwMjQlMjEyaTc2OCUyMTRmMTMuMSUyMTNtMyUyMTFtMiUyMTFzMHg0NzZlNGE3MWQ5YTczYmY5JTI1M0EweGExMTY3ZDlmNjUyYTdiZTIlMjEyc0F1ZW5icnVnZ2VycGwuJTI1MjAxNSUyNTJDJTI1MjA4MDM2JTI1MjBHcmF6JTI1MkMlMjUyMEF1c3RyaWElMjE1ZTAlMjEzbTIlMjExc2VuJTIxMnNodSUyMTR2MTYzMjEyNTU2NDk0NyUyMTVtMiUyMTFzZW4lMjEyc2h1JTIyJTIwd2lkdGglM0QlMjI0MDAlMjIlMjBoZWlnaHQlM0QlMjIzMDAlMjIlMjBzdHlsZSUzRCUyMmJvcmRlciUzQTAlM0IlMjIlMjBhbGxvd2Z1bGxzY3JlZW4lM0QlMjIlMjIlMjBsb2FkaW5nJTNEJTIybGF6eSUyMiUzRSUzQyUyRmlmcmFtZSUzRQ==&#8221;][\/vc_column_inner][\/vc_row_inner][vc_column_text]<\/p>\n<h2>Tyrol<\/h2>\n<p>[\/vc_column_text][vc_row_inner][vc_column_inner width=&#8221;1\/2&#8243;][vc_column_text]<\/p>\n<h3>Univ.-Klinik Innsbruck<\/h3>\n<p><strong>Address: <\/strong>Anichstr. 35, 6020 Innsbruck<br \/>\n<strong>Department f\u00fcr Innere Medizin II:<\/strong><br \/>\nUniv. Prof. Dr. Judith L\u00f6ffler-Ragg, <a href=\"tel:+430512504\" target=\"_blank\" rel=\"noopener noreferrer\">+43 (0) 512-504 DW 23260<\/a><br \/>\n<strong>Univ. Klinik f\u00fcr P\u00e4diatrie:<\/strong><br \/>\nUniv. Prof. Dr. Ralf Geiger, <a href=\"tel:+430512504\" target=\"_blank\" rel=\"noopener noreferrer\">+43 (0)512 504 DW 23511<\/a>[\/vc_column_text][\/vc_column_inner][vc_column_inner width=&#8221;1\/2&#8243;][vc_gmaps link=&#8221;#E-8_JTNDaWZyYW1lJTIwc3JjJTNEJTIyaHR0cHMlM0ElMkYlMkZ3d3cuZ29vZ2xlLmNvbSUyRm1hcHMlMkZlbWJlZCUzRnBiJTNEJTIxMW0xOCUyMTFtMTIlMjExbTMlMjExZDI3MDcuNjA4ODU4NjAxMDY2JTIxMmQxMS4zODUzMjg2MTU2OTA0NzQlMjEzZDQ3LjI2MzM1MTMxOTYxOTI5JTIxMm0zJTIxMWYwJTIxMmYwJTIxM2YwJTIxM20yJTIxMWkxMDI0JTIxMmk3NjglMjE0ZjEzLjElMjEzbTMlMjExbTIlMjExczB4NDc5ZDZiZTU3ZTg0NzA3NSUyNTNBMHg5Mjk5Yjc3MWJjNzQzOGI2JTIxMnNBbmljaHN0cmElMjVDMyUyNTlGZSUyNTIwMzUlMjUyQyUyNTIwNjAyMCUyNTIwSW5uc2JydWNrJTI1MkMlMjUyMEF1c3RyaWElMjE1ZTAlMjEzbTIlMjExc2VuJTIxMnNodSUyMTR2MTYzMjEyNTg4MDc2MSUyMTVtMiUyMTFzZW4lMjEyc2h1JTIyJTIwd2lkdGglM0QlMjI0MDAlMjIlMjBoZWlnaHQlM0QlMjIzMDAlMjIlMjBzdHlsZSUzRCUyMmJvcmRlciUzQTAlM0IlMjIlMjBhbGxvd2Z1bGxzY3JlZW4lM0QlMjIlMjIlMjBsb2FkaW5nJTNEJTIybGF6eSUyMiUzRSUzQyUyRmlmcmFtZSUzRQ==&#8221;][\/vc_column_inner][\/vc_row_inner][vc_column_text]<\/p>\n<h2>Upper Austria<\/h2>\n<p>[\/vc_column_text][vc_row_inner][vc_column_inner width=&#8221;1\/2&#8243;][vc_column_text]<\/p>\n<h3>Allg. \u00f6ffentliches Krankenhaus der Elisabethinen Linz<\/h3>\n<p><strong>Address: <\/strong>Fadingerstr. 1, 4010 Linz<br \/>\n<strong>Ambulanz f\u00fcr Herz-Kreislauf:<\/strong><br \/>\nOA Dr. Regina Steringer-Mascherbauer, <a href=\"tel:+4307327676\" target=\"_blank\" rel=\"noopener noreferrer\">+43 (0)732-7676 DW 4900<\/a><br \/>\n[\/vc_column_text][\/vc_column_inner][vc_column_inner width=&#8221;1\/2&#8243;][vc_gmaps link=&#8221;#E-8_JTNDaWZyYW1lJTIwc3JjJTNEJTIyaHR0cHMlM0ElMkYlMkZ3d3cuZ29vZ2xlLmNvbSUyRm1hcHMlMkZlbWJlZCUzRnBiJTNEJTIxMW0xOCUyMTFtMTIlMjExbTMlMjExZDI2NTMuOTQ1MDg2OTE4NTg3JTIxMmQxNC4yOTEzNTY2MTU3MTk4NzclMjEzZDQ4LjMwMzkwNzU0NzU0MDM5JTIxMm0zJTIxMWYwJTIxMmYwJTIxM2YwJTIxM20yJTIxMWkxMDI0JTIxMmk3NjglMjE0ZjEzLjElMjEzbTMlMjExbTIlMjExczB4NDc3Mzk3ODhhYmI1ODE1ZiUyNTNBMHhhYzExYTg3YmRjMzYzMzRmJTIxMnNGYWRpbmdlcnN0cmElMjVDMyUyNTlGZSUyNTIwMSUyNTJDJTI1MjA0MDIwJTI1MjBMaW56JTI1MkMlMjUyMEF1c3RyaWElMjE1ZTAlMjEzbTIlMjExc2VuJTIxMnNodSUyMTR2MTYzMjEyNTk5Mjg1MiUyMTVtMiUyMTFzZW4lMjEyc2h1JTIyJTIwd2lkdGglM0QlMjI0MDAlMjIlMjBoZWlnaHQlM0QlMjIzMDAlMjIlMjBzdHlsZSUzRCUyMmJvcmRlciUzQTAlM0IlMjIlMjBhbGxvd2Z1bGxzY3JlZW4lM0QlMjIlMjIlMjBsb2FkaW5nJTNEJTIybGF6eSUyMiUzRSUzQyUyRmlmcmFtZSUzRQ==&#8221;][\/vc_column_inner][\/vc_row_inner][vc_row_inner][vc_column_inner width=&#8221;1\/2&#8243;][vc_column_text]<\/p>\n<h3>Kepler Universit\u00e4tsklinikum<\/h3>\n<div class=\"gmail_default\"><strong>Address:<\/strong> Med Campus III, Krankenhausstra\u00dfe 9, 4021 Linz<\/div>\n<div class=\"gmail_default\">Abt. f\u00fcr Kardiologie und Int. Intensivmedizin<\/div>\n<div class=\"gmail_default\">OA DDr. J\u00f6rg Kellermair <a href=\"tel:+4357680836220\">+43 (0) 5768083-6220<\/a><\/div>\n<p>[\/vc_column_text][\/vc_column_inner][vc_column_inner width=&#8221;1\/2&#8243;][vc_gmaps link=&#8221;#E-8_JTNDaWZyYW1lJTIwc3JjJTNEJTIyaHR0cHMlM0ElMkYlMkZ3d3cuZ29vZ2xlLmNvbSUyRm1hcHMlMkZlbWJlZCUzRnBiJTNEJTIxMW0xOCUyMTFtMTIlMjExbTMlMjExZDI2NTMuOTcwMjE1MDkxODA1NiUyMTJkMTQuMzAyODYxNjc3MTU1MDExJTIxM2Q0OC4zMDM0MjQyNzEyNjIyOTQlMjEybTMlMjExZjAlMjEyZjAlMjEzZjAlMjEzbTIlMjExaTEwMjQlMjEyaTc2OCUyMTRmMTMuMSUyMTNtMyUyMTFtMiUyMTFzMHg0NzczOTc4Y2E3YTYyY2U3JTI1M0EweDNlM2VjMDExODUxNTc4NGUlMjEyc0tlcGxlciUyNTIwVW5pdmVyc2l0JTI1QzMlMjVBNHRza2xpbmlrdW0lMjUyME1lZCUyNTIwQ2FtcHVzJTI1MjBJSUkuJTIxNWUwJTIxM20yJTIxMXNlbiUyMTJzYXQlMjE0djE2ODI2ODg5ODYxMzQlMjE1bTIlMjExc2VuJTIxMnNhdCUyMiUyMHdpZHRoJTNEJTIyNDAwJTIyJTIwaGVpZ2h0JTNEJTIyMzAwJTIyJTIwc3R5bGUlM0QlMjJib3JkZXIlM0EwJTNCJTIyJTIwYWxsb3dmdWxsc2NyZWVuJTNEJTIyJTIyJTIwbG9hZGluZyUzRCUyMmxhenklMjIlMjByZWZlcnJlcnBvbGljeSUzRCUyMm5vLXJlZmVycmVyLXdoZW4tZG93bmdyYWRlJTIyJTNFJTNDJTJGaWZyYW1lJTNF&#8221;][\/vc_column_inner][\/vc_row_inner][vc_row_inner][vc_column_inner width=&#8221;1\/2&#8243;][vc_column_text]<\/p>\n<h3>Kepler Universit\u00e4tsklinikum<\/h3>\n<div class=\"gmail_default\"><strong>Address:<\/strong> Med Campus II, Krankenhausstra\u00dfe 71, 4021 Linz<\/div>\n<div class=\"gmail_default\">Abt. f\u00fcr Kinderkardiologie<\/div>\n<div class=\"gmail_default\">OA Dr. J\u00fcrgen Steiner <a href=\"tel:+43576808222003\">+43 (0) 5768082-22003<\/a><\/div>\n<p>[\/vc_column_text][\/vc_column_inner][vc_column_inner width=&#8221;1\/2&#8243;][vc_gmaps link=&#8221;#E-8_JTNDaWZyYW1lJTIwc3JjJTNEJTIyaHR0cHMlM0ElMkYlMkZ3d3cuZ29vZ2xlLmNvbSUyRm1hcHMlMkZlbWJlZCUzRnBiJTNEJTIxMW0xOCUyMTFtMTIlMjExbTMlMjExZDI2NTQuMDM4ODIyMTQxOTk5JTIxMmQxNC4zMDMyMzcyNzcxNTQ5MzclMjEzZDQ4LjMwMjEwNDc3MTI2MjE0NCUyMTJtMyUyMTFmMCUyMTJmMCUyMTNmMCUyMTNtMiUyMTFpMTAyNCUyMTJpNzY4JTIxNGYxMy4xJTIxM20zJTIxMW0yJTIxMXMweDQ3NzM5N2YzMzVjMmQ4MzElMjUzQTB4N2YyODJhYmEzZTM2NDViMCUyMTJzS2VwbGVyJTI1MjBVbml2ZXJzaXR5JTI1MjBIb3NwaXRhbCUyNTJDJTI1MjBNZWQlMjUyMENhbXB1cyUyNTIwSVYuJTIxNWUwJTIxM20yJTIxMXNlbiUyMTJzYXQlMjE0djE2ODI2ODkwNjc4MDklMjE1bTIlMjExc2VuJTIxMnNhdCUyMiUyMHdpZHRoJTNEJTIyNDAwJTIyJTIwaGVpZ2h0JTNEJTIyMzAwJTIyJTIwc3R5bGUlM0QlMjJib3JkZXIlM0EwJTNCJTIyJTIwYWxsb3dmdWxsc2NyZWVuJTNEJTIyJTIyJTIwbG9hZGluZyUzRCUyMmxhenklMjIlMjByZWZlcnJlcnBvbGljeSUzRCUyMm5vLXJlZmVycmVyLXdoZW4tZG93bmdyYWRlJTIyJTNFJTNDJTJGaWZyYW1lJTNF&#8221;][\/vc_column_inner][\/vc_row_inner][vc_column_text]<\/p>\n<h2>Carinthia<\/h2>\n<p>[\/vc_column_text][vc_row_inner][vc_column_inner width=&#8221;1\/2&#8243;][vc_column_text]<\/p>\n<h3>LKH Villach<\/h3>\n<p><strong>Address: <\/strong>Nikolaigasse 43, 9500 Villach<br \/>\n<strong>Webpage: <\/strong><a href=\"http:\/\/www.lkh-vil.or.at\" target=\"_blank\" rel=\"noopener\">http:\/\/www.lkh-vil.or.at<\/a><br \/>\n<strong>Abt. f\u00fcr Innere Medizin:<\/strong><br \/>\nOA Dr. Boris Fugger, <a href=\"tel:+434242\" target=\"_blank\" rel=\"noopener noreferrer\">+43 (0)4242 DW 2080<\/a>[\/vc_column_text][\/vc_column_inner][vc_column_inner width=&#8221;1\/2&#8243;][vc_gmaps link=&#8221;#E-8_JTNDaWZyYW1lJTIwc3JjJTNEJTIyaHR0cHMlM0ElMkYlMkZ3d3cuZ29vZ2xlLmNvbSUyRm1hcHMlMkZlbWJlZCUzRnBiJTNEJTIxMW0xOCUyMTFtMTIlMjExbTMlMjExZDI3NDAuNTk2OTUwMzIwMDU4NiUyMTJkMTMuODU1MDI1MTE1NjcyNjAzJTIxM2Q0Ni42MTQ5Njc2NjM5NDA3MyUyMTJtMyUyMTFmMCUyMTJmMCUyMTNmMCUyMTNtMiUyMTFpMTAyNCUyMTJpNzY4JTIxNGYxMy4xJTIxM20zJTIxMW0yJTIxMXMweDQ3NzA4MWNkOWE5ZWIzOWIlMjUzQTB4MjMwMzE5ODkxZWJjMTJhMCUyMTJzTmlrb2xhaWdhc3NlJTI1MjA0MyUyNTJDJTI1MjA5NTAwJTI1MjBWaWxsYWNoJTI1MkMlMjUyMEF1c3RyaWElMjE1ZTAlMjEzbTIlMjExc2VuJTIxMnNodSUyMTR2MTYzMjEyNjg4MTgxNCUyMTVtMiUyMTFzZW4lMjEyc2h1JTIyJTIwd2lkdGglM0QlMjI0MDAlMjIlMjBoZWlnaHQlM0QlMjIzMDAlMjIlMjBzdHlsZSUzRCUyMmJvcmRlciUzQTAlM0IlMjIlMjBhbGxvd2Z1bGxzY3JlZW4lM0QlMjIlMjIlMjBsb2FkaW5nJTNEJTIybGF6eSUyMiUzRSUzQyUyRmlmcmFtZSUzRQ==&#8221;][\/vc_column_inner][\/vc_row_inner][vc_row_inner][vc_column_inner width=&#8221;1\/2&#8243;][vc_column_text]<\/p>\n<h3>Klinikum Klagenfurt am W\u00f6rthersee<\/h3>\n<p><strong>Address: <\/strong>Feschnigstr. 11, 9020 Klagenfurt<br \/>\n<strong>Abtlg. f\u00fcr Kardiologie:<\/strong><br \/>\nO\u00c4 Dr. Tamara Buchacher, <a href=\"tel:+430463538\" target=\"_blank\" rel=\"noopener noreferrer\">+43 (0)463538 DW 25220<\/a>[\/vc_column_text][\/vc_column_inner][vc_column_inner width=&#8221;1\/2&#8243;][vc_gmaps link=&#8221;#E-8_JTNDaWZyYW1lJTIwc3JjJTNEJTIyaHR0cHMlM0ElMkYlMkZ3d3cuZ29vZ2xlLmNvbSUyRm1hcHMlMkZlbWJlZCUzRnBiJTNEJTIxMW0xOCUyMTFtMTIlMjExbTMlMjExZDI3MzkuNjc5Nzg4NzM5NDYyMyUyMTJkMTQuMzAyMDExMzE1NjczMDc3JTIxM2Q0Ni42MzMwODc4NjI3MDgzOCUyMTJtMyUyMTFmMCUyMTJmMCUyMTNmMCUyMTNtMiUyMTFpMTAyNCUyMTJpNzY4JTIxNGYxMy4xJTIxM20zJTIxMW0yJTIxMXMweDQ3NzA3MzdiODZiMWYwNDElMjUzQTB4NzYxNTVlMmJmNWIzYjc0OCUyMTJzRmVzY2huaWdzdHJhJTI1QzMlMjU5RmUlMjUyMDExJTI1MkMlMjUyMDkwMjAlMjUyMEtsYWdlbmZ1cnQlMjUyMGFtJTI1MjBXJTI1QzMlMjVCNnJ0aGVyc2VlJTI1MkMlMjUyMEF1c3RyaWElMjE1ZTAlMjEzbTIlMjExc2VuJTIxMnNodSUyMTR2MTYzMjEyNzA2Nzg4MiUyMTVtMiUyMTFzZW4lMjEyc2h1JTIyJTIwd2lkdGglM0QlMjI0MDAlMjIlMjBoZWlnaHQlM0QlMjIzMDAlMjIlMjBzdHlsZSUzRCUyMmJvcmRlciUzQTAlM0IlMjIlMjBhbGxvd2Z1bGxzY3JlZW4lM0QlMjIlMjIlMjBsb2FkaW5nJTNEJTIybGF6eSUyMiUzRSUzQyUyRmlmcmFtZSUzRQ==&#8221;][\/vc_column_inner][\/vc_row_inner][vc_column_text]<\/p>\n<h2>Lower Austria<\/h2>\n<p>[\/vc_column_text][vc_row_inner][vc_column_inner width=&#8221;1\/2&#8243;][vc_column_text]<\/p>\n<h3>Universit\u00e4tsklinikum St. P\u00f6lten<\/h3>\n<p><strong>Address: <\/strong>Probst-F\u00fchrerstra\u00dfe 4, 3100 St. P\u00f6lten<br \/>\nKardiologie \u2013 3. Medizinische Abteilung<br \/>\nUniv. Doz. Dr. Deddo M\u00f6rtl, <a href=\"tel:+43027429004\" target=\"_blank\" rel=\"noopener noreferrer\">+43 (0)2742 9004 DW 1470<\/a>[\/vc_column_text][\/vc_column_inner][vc_column_inner width=&#8221;1\/2&#8243;][vc_gmaps link=&#8221;#E-8_JTNDaWZyYW1lJTIwc3JjJTNEJTIyaHR0cHMlM0ElMkYlMkZ3d3cuZ29vZ2xlLmNvbSUyRm1hcHMlMkZlbWJlZCUzRnBiJTNEJTIxMW0xOCUyMTFtMTIlMjExbTMlMjExZDEyNTQuNzA4ODQ2Njk3NDU4MyUyMTJkMTUuNjI3NTA4NDk1OTc4NjQ5JTIxM2Q0OC4yMTM2MzkzOTkyMDUxOCUyMTJtMyUyMTFmMCUyMTJmMCUyMTNmMCUyMTNtMiUyMTFpMTAyNCUyMTJpNzY4JTIxNGYxMy4xJTIxM20zJTIxMW0yJTIxMXMweDQ3NzI3OGFjYzhjZGY2MTUlMjUzQTB4MjZiYjUzYTc3NGZhMWViYiUyMTJzUHJvcHN0JTI1MjBGJTI1QzMlMjVCQ2hyZXItU3RyYSUyNUMzJTI1OUZlJTI1MjA0JTI1MkMlMjUyMDMxMDAlMjUyMFN0LiUyNTIwUCUyNUMzJTI1QjZsdGVuJTI1MkMlMjUyMEF1c3RyaWElMjE1ZTAlMjEzbTIlMjExc2VuJTIxMnNodSUyMTR2MTYzMzQzMjcyMTkxMCUyMTVtMiUyMTFzZW4lMjEyc2h1JTIyJTIwd2lkdGglM0QlMjI0MDAlMjIlMjBoZWlnaHQlM0QlMjIzMDAlMjIlMjBzdHlsZSUzRCUyMmJvcmRlciUzQTAlM0IlMjIlMjBhbGxvd2Z1bGxzY3JlZW4lM0QlMjIlMjIlMjBsb2FkaW5nJTNEJTIybGF6eSUyMiUzRSUzQyUyRmlmcmFtZSUzRQ==&#8221;][\/vc_column_inner][\/vc_row_inner][vc_row_inner][vc_column_inner width=&#8221;1\/2&#8243;][vc_column_text]<\/p>\n<h3>Universit\u00e4tsklinikum St. P\u00f6lten<\/h3>\n<div class=\"gmail_default\">Address: Dunant-Platz 1, 3100 St. P\u00f6lten<\/div>\n<div class=\"gmail_default\">Abt. f\u00fcr Innere Medizin 3<\/div>\n<div class=\"gmail_default\">O\u00c4 Dr. Helena Schramm, <a href=\"tel:+432742900412541\">+43 (0) 2742-9004-12541<\/a><\/div>\n<p>[\/vc_column_text][\/vc_column_inner][vc_column_inner width=&#8221;1\/2&#8243;][vc_gmaps link=&#8221;#E-8_JTNDaWZyYW1lJTIwc3JjJTNEJTIyaHR0cHMlM0ElMkYlMkZ3d3cuZ29vZ2xlLmNvbSUyRm1hcHMlMkZlbWJlZCUzRnBiJTNEJTIxMW0xOCUyMTFtMTIlMjExbTMlMjExZDI2NTguNjM2MjM3NDcwMjg4NSUyMTJkMTUuNjIzMDM2Nzc3MTUxMDk2JTIxM2Q0OC4yMTM2MjIxNzEyNTIwMiUyMTJtMyUyMTFmMCUyMTJmMCUyMTNmMCUyMTNtMiUyMTFpMTAyNCUyMTJpNzY4JTIxNGYxMy4xJTIxM20zJTIxMW0yJTIxMXMweDQ3NzI3OGFjYzhkMjZjYzklMjUzQTB4YjY1MmFiYjIyOWIxNzk0ZSUyMTJzVW5pdmVyc2l0eSUyNTIwSG9zcGl0YWwlMjUyMFN0LiUyNTIwUCUyNUMzJTI1QjZsdGVuJTIxNWUwJTIxM20yJTIxMXNlbiUyMTJzYXQlMjE0djE2ODI2ODkxNTk3MDklMjE1bTIlMjExc2VuJTIxMnNhdCUyMiUyMHdpZHRoJTNEJTIyNDAwJTIyJTIwaGVpZ2h0JTNEJTIyMzAwJTIyJTIwc3R5bGUlM0QlMjJib3JkZXIlM0EwJTNCJTIyJTIwYWxsb3dmdWxsc2NyZWVuJTNEJTIyJTIyJTIwbG9hZGluZyUzRCUyMmxhenklMjIlMjByZWZlcnJlcnBvbGljeSUzRCUyMm5vLXJlZmVycmVyLXdoZW4tZG93bmdyYWRlJTIyJTNFJTNDJTJGaWZyYW1lJTNF&#8221;][\/vc_column_inner][\/vc_row_inner][vc_column_text]<\/p>\n<h2>Salzburg<\/h2>\n<p>[\/vc_column_text][vc_row_inner][vc_column_inner width=&#8221;1\/2&#8243;][vc_column_text]<\/p>\n<h3>Universit\u00e4tsklinikum Salzburg<\/h3>\n<p><strong>Address: <\/strong>M\u00fcllner Hauptstra\u00dfe 48, 5020 Salzburg<br \/>\n<span style=\"text-decoration: underline;\">Abt. f\u00fcr Innere Medizin II,<\/span><br \/>\n<span style=\"text-decoration: underline;\">Kardiologie und internistische Intensivstation<\/span><br \/>\nO\u00c4 Dr. Ingrid Pretsch, <a href=\"tel:+430572550\" target=\"_blank\" rel=\"noopener noreferrer\">+43 (0)572550 DW 25601<\/a>[\/vc_column_text][\/vc_column_inner][vc_column_inner width=&#8221;1\/2&#8243;][vc_gmaps link=&#8221;#E-8_JTNDaWZyYW1lJTIwc3JjJTNEJTIyaHR0cHMlM0ElMkYlMkZ3d3cuZ29vZ2xlLmNvbSUyRm1hcHMlMkZlbWJlZCUzRnBiJTNEJTIxMW0xOCUyMTFtMTIlMjExbTMlMjExZDEyNTQuNzA4ODQ2Njk3NDU4MyUyMTJkMTUuNjI3NTA4NDk1OTc4NjQ5JTIxM2Q0OC4yMTM2MzkzOTkyMDUxOCUyMTJtMyUyMTFmMCUyMTJmMCUyMTNmMCUyMTNtMiUyMTFpMTAyNCUyMTJpNzY4JTIxNGYxMy4xJTIxM20zJTIxMW0yJTIxMXMweDQ3NzI3OGFjYzhjZGY2MTUlMjUzQTB4MjZiYjUzYTc3NGZhMWViYiUyMTJzUHJvcHN0JTI1MjBGJTI1QzMlMjVCQ2hyZXItU3RyYSUyNUMzJTI1OUZlJTI1MjA0JTI1MkMlMjUyMDMxMDAlMjUyMFN0LiUyNTIwUCUyNUMzJTI1QjZsdGVuJTI1MkMlMjUyMEF1c3RyaWElMjE1ZTAlMjEzbTIlMjExc2VuJTIxMnNodSUyMTR2MTYzMzQzMjcyMTkxMCUyMTVtMiUyMTFzZW4lMjEyc2h1JTIyJTIwd2lkdGglM0QlMjI0MDAlMjIlMjBoZWlnaHQlM0QlMjIzMDAlMjIlMjBzdHlsZSUzRCUyMmJvcmRlciUzQTAlM0IlMjIlMjBhbGxvd2Z1bGxzY3JlZW4lM0QlMjIlMjIlMjBsb2FkaW5nJTNEJTIybGF6eSUyMiUzRSUzQyUyRmlmcmFtZSUzRQ==&#8221;][\/vc_column_inner][\/vc_row_inner][vc_column_text]<\/p>\n<h2><b>Vorarlberg<\/b><\/h2>\n<p>[\/vc_column_text][vc_row_inner][vc_column_inner width=&#8221;1\/2&#8243;][vc_column_text]<\/p>\n<h3>LKH Feldkirch<\/h3>\n<div class=\"gmail_default\"><strong>Address:<\/strong> Carinagasse 47, 6800 Feldkirch<\/div>\n<div class=\"gmail_default\">Abt. f\u00fcr Innere Medizin<\/div>\n<div class=\"gmail_default\">OA. Dr. Rainer Matthies, <a href=\"tel:+4355223032130\">+43 (0) 5522-303-2130<\/a><\/div>\n<div class=\"gmail_default\">OA Dr. Fabian Schmid, <a href=\"tel:+4355223032130\">+43 (0) 5522-303-2130<\/a><\/div>\n<p>[\/vc_column_text][\/vc_column_inner][vc_column_inner width=&#8221;1\/2&#8243;][vc_gmaps link=&#8221;#E-8_JTNDaWZyYW1lJTIwc3JjJTNEJTIyaHR0cHMlM0ElMkYlMkZ3d3cuZ29vZ2xlLmNvbSUyRm1hcHMlMkZlbWJlZCUzRnBiJTNEJTIxMW0xOCUyMTFtMTIlMjExbTMlMjExZDI3MDkuMjU3NzM0MTEzMDEyMiUyMTJkOS41Nzc1MDUwNzcxMDkyNSUyMTNkNDcuMjMxMTA0MjcxMTU3NzklMjEybTMlMjExZjAlMjEyZjAlMjEzZjAlMjEzbTIlMjExaTEwMjQlMjEyaTc2OCUyMTRmMTMuMSUyMTNtMyUyMTFtMiUyMTFzMHg0NzliMzk4OTZhZWY0MmMzJTI1M0EweDk1NDBkNmIxY2MyOTYxYWMlMjEyc0xhbmRlc2tyYW5rZW5oYXVzJTI1MjBGZWxka2lyY2glMjE1ZTAlMjEzbTIlMjExc2VuJTIxMnNhdCUyMTR2MTY4MjY4OTI4ODA1MCUyMTVtMiUyMTFzZW4lMjEyc2F0JTIyJTIwd2lkdGglM0QlMjI0MDAlMjIlMjBoZWlnaHQlM0QlMjIzMDAlMjIlMjBzdHlsZSUzRCUyMmJvcmRlciUzQTAlM0IlMjIlMjBhbGxvd2Z1bGxzY3JlZW4lM0QlMjIlMjIlMjBsb2FkaW5nJTNEJTIybGF6eSUyMiUyMHJlZmVycmVycG9saWN5JTNEJTIybm8tcmVmZXJyZXItd2hlbi1kb3duZ3JhZGUlMjIlM0UlM0MlMkZpZnJhbWUlM0U=&#8221;][\/vc_column_inner][\/vc_row_inner][\/vc_column][\/vc_row]<\/p>\n<\/div>","protected":false},"excerpt":{"rendered":"<p>[vc_row fullwidth=&#8221;0&#8243; row_space=&#8221;remove_padding&#8221;][vc_column][gva_block_heading title=&#8221;Specialist centres&#8221; align=&#8221;align-left&#8221;][\/gva_block_heading][vc_column_text]PH specialist clinics in Austria.<\/p>\n","protected":false},"author":1,"featured_media":0,"parent":285,"menu_order":520,"comment_status":"closed","ping_status":"closed","template":"","meta":{"footnotes":""},"class_list":["post-300","page","type-page","status-publish","hentry"],"_links":{"self":[{"href":"https:\/\/lungenhochdruck.at\/en\/wp-json\/wp\/v2\/pages\/300","targetHints":{"allow":["GET"]}}],"collection":[{"href":"https:\/\/lungenhochdruck.at\/en\/wp-json\/wp\/v2\/pages"}],"about":[{"href":"https:\/\/lungenhochdruck.at\/en\/wp-json\/wp\/v2\/types\/page"}],"author":[{"embeddable":true,"href":"https:\/\/lungenhochdruck.at\/en\/wp-json\/wp\/v2\/users\/1"}],"replies":[{"embeddable":true,"href":"https:\/\/lungenhochdruck.at\/en\/wp-json\/wp\/v2\/comments?post=300"}],"version-history":[{"count":9,"href":"https:\/\/lungenhochdruck.at\/en\/wp-json\/wp\/v2\/pages\/300\/revisions"}],"predecessor-version":[{"id":1886,"href":"https:\/\/lungenhochdruck.at\/en\/wp-json\/wp\/v2\/pages\/300\/revisions\/1886"}],"up":[{"embeddable":true,"href":"https:\/\/lungenhochdruck.at\/en\/wp-json\/wp\/v2\/pages\/285"}],"wp:attachment":[{"href":"https:\/\/lungenhochdruck.at\/en\/wp-json\/wp\/v2\/media?parent=300"}],"curies":[{"name":"wp","href":"https:\/\/api.w.org\/{rel}","templated":true}]}}